{"id":64,"date":"2018-10-10T15:04:20","date_gmt":"2018-10-10T13:04:20","guid":{"rendered":"http:\/\/test99965.test-account.com\/?page_id=64"},"modified":"2022-07-11T13:19:55","modified_gmt":"2022-07-11T11:19:55","slug":"impressum","status":"publish","type":"page","link":"https:\/\/sch\u00fctzenverein-auingen.de\/?page_id=64","title":{"rendered":"Impressum"},"content":{"rendered":"<table class=\"mceItemTable\" border=\"0\" width=\"659\" cellspacing=\"0\" cellpadding=\"5\">\n<tbody>\n<tr>\n<td class=\"Stil1\" width=\"638\">\n<p class=\"Stil4\"><span class=\"Stil5\">:: IMPRESSUM <\/span><\/p>\n<\/td>\n<\/tr>\n<\/tbody>\n<\/table>\n<table class=\"mceItemTable\" width=\"640\">\n<tbody>\n<tr>\n<td class=\"rand Stil1\" width=\"166\"><b>Anschrift: <\/b><\/td>\n<td class=\"rand Stil1\" width=\"436\">Sch\u00fctzenverein Auingen 1924 e.V.<br \/>\nRei\u00dfelwald 1<br \/>\n72525 M\u00fcnsingen <b><br \/>\n<\/b><\/td>\n<\/tr>\n<tr>\n<td class=\"rand Stil1\" width=\"166\"><b>Telefon: <\/b><\/td>\n<td class=\"rand Stil1\">0 73 81 3033<\/td>\n<\/tr>\n<tr>\n<td><b>Vertretungsberechtigt: <\/b><\/td>\n<td>1. Vorsitzender Franz Fischer<br \/>\n2. Vorsitzender Hubertus Eyb<\/td>\n<\/tr>\n<tr>\n<td class=\"rand Stil1\" width=\"166\"><b>Verantwortlich f\u00fcr den Inhalt: <\/b><\/td>\n<td class=\"rand Stil1\">Franz Fischer, Hubertus Eyb<\/td>\n<\/tr>\n<tr>\n<td><b>Amtsgericht: <\/b><\/td>\n<td>Amtsgericht Stuttgart, Vereinsregister Nr. 370003<\/td>\n<\/tr>\n<\/tbody>\n<\/table>\n<table class=\"mceItemTable\" border=\"0\" width=\"641\" cellspacing=\"0\" cellpadding=\"5\">\n<tbody>\n<tr>\n<td width=\"604\">\n<p class=\"Stil3\">Hinweis zu allen Links auf diesem Server und den zugeh\u00f6rigen Domains:<\/p>\n<p class=\"Stil1 Stil2\" align=\"justify\">Mit Urteil vom 12. Mai 1998 &#8211; 312 O 85\/98 &#8211; &#8222;Haftung f\u00fcr Links&#8220; hat das Landgericht (LG) Hamburg entschieden, dass man durch die Erstellung eines Links die Inhalte der gelinkten Seite ggf. mit zu verantworten hat. Dies kann &#8211; so das Gericht &#8211; nur dadurch verhindert werden, dass man sich ausdr\u00fccklich von diesen Inhalten distanziert. Da wir Links zu Homepages anderer Personen\/Firmen bieten und wir keinen Einfluss auf die Gestaltung und die Inhalte der gelinkten Seiten haben, distanzieren wir uns ausdr\u00fccklich von allen Inhalten aller gelinkten Seiten auf diesem Server und machen uns die Inhalte der gelinkten Seiten nicht zu eigen. Diese Erkl\u00e4rung gilt f\u00fcr alle verf\u00fcgbaren Links auf diesem Server sowie evtl. vorhandene Linklisten und Foren, die zur Zeit aktiv sind und\/oder aktiv werden.<\/p>\n<\/td>\n<\/tr>\n<\/tbody>\n<\/table>\n","protected":false},"excerpt":{"rendered":"<p>:: IMPRESSUM Anschrift: Sch\u00fctzenverein Auingen 1924 e.V. Rei\u00dfelwald 1 72525 M\u00fcnsingen Telefon: 0 73 81 3033 Vertretungsberechtigt: 1. Vorsitzender Franz Fischer 2. Vorsitzender Hubertus Eyb Verantwortlich f\u00fcr den Inhalt: Franz Fischer, Hubertus Eyb Amtsgericht: Amtsgericht Stuttgart, Vereinsregister Nr. 370003 Hinweis zu allen Links auf diesem Server und den zugeh\u00f6rigen Domains: Mit Urteil vom 12. Mai&hellip; <br \/> <a class=\"read-more\" href=\"https:\/\/sch\u00fctzenverein-auingen.de\/?page_id=64\">Weiterlesen<\/a><\/p>\n","protected":false},"author":1,"featured_media":0,"parent":0,"menu_order":0,"comment_status":"closed","ping_status":"closed","template":"","meta":{"footnotes":""},"class_list":["post-64","page","type-page","status-publish","hentry"],"yoast_head":"<!-- This site is optimized with the Yoast SEO plugin v27.3 - https:\/\/yoast.com\/product\/yoast-seo-wordpress\/ -->\n<title>Impressum -<\/title>\n<meta name=\"robots\" content=\"index, follow, max-snippet:-1, max-image-preview:large, max-video-preview:-1\" \/>\n<link rel=\"canonical\" href=\"https:\/\/sch\u00fctzenverein-auingen.de\/?page_id=64\" \/>\n<meta property=\"og:locale\" content=\"de_DE\" \/>\n<meta property=\"og:type\" content=\"article\" \/>\n<meta property=\"og:title\" content=\"Impressum -\" \/>\n<meta property=\"og:description\" content=\":: IMPRESSUM Anschrift: Sch\u00fctzenverein Auingen 1924 e.V. Rei\u00dfelwald 1 72525 M\u00fcnsingen Telefon: 0 73 81 3033 Vertretungsberechtigt: 1. Vorsitzender Franz Fischer 2. Vorsitzender Hubertus Eyb Verantwortlich f\u00fcr den Inhalt: Franz Fischer, Hubertus Eyb Amtsgericht: Amtsgericht Stuttgart, Vereinsregister Nr. 370003 Hinweis zu allen Links auf diesem Server und den zugeh\u00f6rigen Domains: Mit Urteil vom 12. Mai&hellip; Weiterlesen\" \/>\n<meta property=\"og:url\" content=\"https:\/\/sch\u00fctzenverein-auingen.de\/?page_id=64\" \/>\n<meta property=\"article:publisher\" content=\"https:\/\/m.facebook.com\/profile.php?id=1743578449189739&amp;amp%3bamp%3bamp%3bref=content_filter\" \/>\n<meta property=\"article:modified_time\" content=\"2022-07-11T11:19:55+00:00\" \/>\n<meta name=\"twitter:card\" content=\"summary_large_image\" \/>\n<meta name=\"twitter:label1\" content=\"Gesch\u00e4tzte Lesezeit\" \/>\n\t<meta name=\"twitter:data1\" content=\"1\u00a0Minute\" \/>\n<script type=\"application\/ld+json\" class=\"yoast-schema-graph\">{\"@context\":\"https:\\\/\\\/schema.org\",\"@graph\":[{\"@type\":\"WebPage\",\"@id\":\"https:\\\/\\\/sch\u00fctzenverein-auingen.de\\\/?page_id=64\",\"url\":\"https:\\\/\\\/sch\u00fctzenverein-auingen.de\\\/?page_id=64\",\"name\":\"Impressum -\",\"isPartOf\":{\"@id\":\"https:\\\/\\\/sch\u00fctzenverein-auingen.de\\\/#website\"},\"datePublished\":\"2018-10-10T13:04:20+00:00\",\"dateModified\":\"2022-07-11T11:19:55+00:00\",\"breadcrumb\":{\"@id\":\"https:\\\/\\\/sch\u00fctzenverein-auingen.de\\\/?page_id=64#breadcrumb\"},\"inLanguage\":\"de\",\"potentialAction\":[{\"@type\":\"ReadAction\",\"target\":[\"https:\\\/\\\/sch\u00fctzenverein-auingen.de\\\/?page_id=64\"]}]},{\"@type\":\"BreadcrumbList\",\"@id\":\"https:\\\/\\\/sch\u00fctzenverein-auingen.de\\\/?page_id=64#breadcrumb\",\"itemListElement\":[{\"@type\":\"ListItem\",\"position\":1,\"name\":\"Startseite\",\"item\":\"https:\\\/\\\/sch\u00fctzenverein-auingen.de\\\/\"},{\"@type\":\"ListItem\",\"position\":2,\"name\":\"Impressum\"}]},{\"@type\":\"WebSite\",\"@id\":\"https:\\\/\\\/sch\u00fctzenverein-auingen.de\\\/#website\",\"url\":\"https:\\\/\\\/sch\u00fctzenverein-auingen.de\\\/\",\"name\":\"\",\"description\":\"\",\"publisher\":{\"@id\":\"https:\\\/\\\/sch\u00fctzenverein-auingen.de\\\/#organization\"},\"potentialAction\":[{\"@type\":\"SearchAction\",\"target\":{\"@type\":\"EntryPoint\",\"urlTemplate\":\"https:\\\/\\\/sch\u00fctzenverein-auingen.de\\\/?s={search_term_string}\"},\"query-input\":{\"@type\":\"PropertyValueSpecification\",\"valueRequired\":true,\"valueName\":\"search_term_string\"}}],\"inLanguage\":\"de\"},{\"@type\":\"Organization\",\"@id\":\"https:\\\/\\\/sch\u00fctzenverein-auingen.de\\\/#organization\",\"name\":\"Sch\u00fctzenverein Auingen 1924 e.V.\",\"url\":\"https:\\\/\\\/sch\u00fctzenverein-auingen.de\\\/\",\"logo\":{\"@type\":\"ImageObject\",\"inLanguage\":\"de\",\"@id\":\"https:\\\/\\\/sch\u00fctzenverein-auingen.de\\\/#\\\/schema\\\/logo\\\/image\\\/\",\"url\":\"https:\\\/\\\/sch\u00fctzenverein-auingen.de\\\/wp-content\\\/uploads\\\/2023\\\/01\\\/cropped-cropped-cropped-cropped-Element-1.png\",\"contentUrl\":\"https:\\\/\\\/sch\u00fctzenverein-auingen.de\\\/wp-content\\\/uploads\\\/2023\\\/01\\\/cropped-cropped-cropped-cropped-Element-1.png\",\"width\":709,\"height\":643,\"caption\":\"Sch\u00fctzenverein Auingen 1924 e.V.\"},\"image\":{\"@id\":\"https:\\\/\\\/sch\u00fctzenverein-auingen.de\\\/#\\\/schema\\\/logo\\\/image\\\/\"},\"sameAs\":[\"https:\\\/\\\/m.facebook.com\\\/profile.php?id=1743578449189739&amp;amp;amp;ref=content_filter\"]}]}<\/script>\n<!-- \/ Yoast SEO plugin. -->","yoast_head_json":{"title":"Impressum -","robots":{"index":"index","follow":"follow","max-snippet":"max-snippet:-1","max-image-preview":"max-image-preview:large","max-video-preview":"max-video-preview:-1"},"canonical":"https:\/\/sch\u00fctzenverein-auingen.de\/?page_id=64","og_locale":"de_DE","og_type":"article","og_title":"Impressum -","og_description":":: IMPRESSUM Anschrift: Sch\u00fctzenverein Auingen 1924 e.V. Rei\u00dfelwald 1 72525 M\u00fcnsingen Telefon: 0 73 81 3033 Vertretungsberechtigt: 1. Vorsitzender Franz Fischer 2. Vorsitzender Hubertus Eyb Verantwortlich f\u00fcr den Inhalt: Franz Fischer, Hubertus Eyb Amtsgericht: Amtsgericht Stuttgart, Vereinsregister Nr. 370003 Hinweis zu allen Links auf diesem Server und den zugeh\u00f6rigen Domains: Mit Urteil vom 12. Mai&hellip; Weiterlesen","og_url":"https:\/\/sch\u00fctzenverein-auingen.de\/?page_id=64","article_publisher":"https:\/\/m.facebook.com\/profile.php?id=1743578449189739&amp%3bamp%3bamp%3bref=content_filter","article_modified_time":"2022-07-11T11:19:55+00:00","twitter_card":"summary_large_image","twitter_misc":{"Gesch\u00e4tzte Lesezeit":"1\u00a0Minute"},"schema":{"@context":"https:\/\/schema.org","@graph":[{"@type":"WebPage","@id":"https:\/\/sch\u00fctzenverein-auingen.de\/?page_id=64","url":"https:\/\/sch\u00fctzenverein-auingen.de\/?page_id=64","name":"Impressum -","isPartOf":{"@id":"https:\/\/sch\u00fctzenverein-auingen.de\/#website"},"datePublished":"2018-10-10T13:04:20+00:00","dateModified":"2022-07-11T11:19:55+00:00","breadcrumb":{"@id":"https:\/\/sch\u00fctzenverein-auingen.de\/?page_id=64#breadcrumb"},"inLanguage":"de","potentialAction":[{"@type":"ReadAction","target":["https:\/\/sch\u00fctzenverein-auingen.de\/?page_id=64"]}]},{"@type":"BreadcrumbList","@id":"https:\/\/sch\u00fctzenverein-auingen.de\/?page_id=64#breadcrumb","itemListElement":[{"@type":"ListItem","position":1,"name":"Startseite","item":"https:\/\/sch\u00fctzenverein-auingen.de\/"},{"@type":"ListItem","position":2,"name":"Impressum"}]},{"@type":"WebSite","@id":"https:\/\/sch\u00fctzenverein-auingen.de\/#website","url":"https:\/\/sch\u00fctzenverein-auingen.de\/","name":"","description":"","publisher":{"@id":"https:\/\/sch\u00fctzenverein-auingen.de\/#organization"},"potentialAction":[{"@type":"SearchAction","target":{"@type":"EntryPoint","urlTemplate":"https:\/\/sch\u00fctzenverein-auingen.de\/?s={search_term_string}"},"query-input":{"@type":"PropertyValueSpecification","valueRequired":true,"valueName":"search_term_string"}}],"inLanguage":"de"},{"@type":"Organization","@id":"https:\/\/sch\u00fctzenverein-auingen.de\/#organization","name":"Sch\u00fctzenverein Auingen 1924 e.V.","url":"https:\/\/sch\u00fctzenverein-auingen.de\/","logo":{"@type":"ImageObject","inLanguage":"de","@id":"https:\/\/sch\u00fctzenverein-auingen.de\/#\/schema\/logo\/image\/","url":"https:\/\/sch\u00fctzenverein-auingen.de\/wp-content\/uploads\/2023\/01\/cropped-cropped-cropped-cropped-Element-1.png","contentUrl":"https:\/\/sch\u00fctzenverein-auingen.de\/wp-content\/uploads\/2023\/01\/cropped-cropped-cropped-cropped-Element-1.png","width":709,"height":643,"caption":"Sch\u00fctzenverein Auingen 1924 e.V."},"image":{"@id":"https:\/\/sch\u00fctzenverein-auingen.de\/#\/schema\/logo\/image\/"},"sameAs":["https:\/\/m.facebook.com\/profile.php?id=1743578449189739&amp;amp;amp;ref=content_filter"]}]}},"_links":{"self":[{"href":"https:\/\/sch\u00fctzenverein-auingen.de\/index.php?rest_route=\/wp\/v2\/pages\/64","targetHints":{"allow":["GET"]}}],"collection":[{"href":"https:\/\/sch\u00fctzenverein-auingen.de\/index.php?rest_route=\/wp\/v2\/pages"}],"about":[{"href":"https:\/\/sch\u00fctzenverein-auingen.de\/index.php?rest_route=\/wp\/v2\/types\/page"}],"author":[{"embeddable":true,"href":"https:\/\/sch\u00fctzenverein-auingen.de\/index.php?rest_route=\/wp\/v2\/users\/1"}],"replies":[{"embeddable":true,"href":"https:\/\/sch\u00fctzenverein-auingen.de\/index.php?rest_route=%2Fwp%2Fv2%2Fcomments&post=64"}],"version-history":[{"count":5,"href":"https:\/\/sch\u00fctzenverein-auingen.de\/index.php?rest_route=\/wp\/v2\/pages\/64\/revisions"}],"predecessor-version":[{"id":842,"href":"https:\/\/sch\u00fctzenverein-auingen.de\/index.php?rest_route=\/wp\/v2\/pages\/64\/revisions\/842"}],"wp:attachment":[{"href":"https:\/\/sch\u00fctzenverein-auingen.de\/index.php?rest_route=%2Fwp%2Fv2%2Fmedia&parent=64"}],"curies":[{"name":"wp","href":"https:\/\/api.w.org\/{rel}","templated":true}]}}