{"id":992,"date":"2023-01-29T12:31:21","date_gmt":"2023-01-29T11:31:21","guid":{"rendered":"https:\/\/sch\u00fctzenverein-auingen.de\/?page_id=992"},"modified":"2026-04-12T12:09:33","modified_gmt":"2026-04-12T10:09:33","slug":"mesmerize","status":"publish","type":"page","link":"https:\/\/sch\u00fctzenverein-auingen.de\/","title":{"rendered":"Front Page"},"content":{"rendered":"<div  data-label=\"Overlappable\" data-id=\"overlappable--2\" data-export-id=\"overlappable-4\" data-category=\"overlappable\" class=\"overlappable-4 content-section content-section-spacing\" data-overlap=\"true\" id=\"overlappable-2\" style=\"background-color: rgb(255, 255, 255);\"><div  class=\"\"> <div  data-type=\"row\" class=\"row spaced-cols text-center\"> <div  class=\"col-xs-12 col-sm-4 col-padding col-md-4 \"> <i  class=\"fa icon shadow-large-black aligncenter color1 fa-align-justify reverse round large\"><\/i> <div  data-type=\"column\" class=\"\"><h5  class=\"\">\u00d6ffnungszeiten<\/h5> <p  class=\"\">Schie\u00dfzeiten k\u00f6nnen von den Gastst\u00e4tten-\u00d6ffnungszeiten abweichen.\n<br >Bitte nochmal im Schie\u00dfplan nachschauen!<br >Anfragen immer Donnerstags, ab 18 Uhr. <\/p><img  decoding=\"async\" class=\"custom-image\" src=\"https:\/\/sch\u00fctzenverein-auingen.de\/wp-content\/uploads\/2023\/03\/OeZ_neu1-scaled.jpg\" title=\"\u00d6Z_neu1\" alt=\"\"><h6  class=\"\">*open end \u2013 Gastst\u00e4tte<\/h6><p  class=\"lead\">Das hei\u00dft, wenn der letzte Gast geht, wird abgeschlossen.\n<br ><br >\n<\/p><h6  class=\"\">Jahreshauptversammlung 2026<\/h6><a  class=\"link\" href=\"https:\/\/xn--schtzenverein-auingen-bic.de?page_id=1420\" target=\"_self\" data-cp-link=\"1\">Jahreshauptversammlung 2026<\/a><p  class=\"\">Im obigem Link bekommt Ihr die Infos zur Jahreshauptversammlung 2026<\/p><\/div> <\/div> <div  class=\"col-xs-12 col-sm-4 col-padding col-md-4 \"> <i  class=\"fa icon shadow-large-black aligncenter color1 fa-automobile bordered round large\"><\/i> <div  data-type=\"column\" class=\"\"><h5  class=\"\">Anfahrt<\/h5> <p  class=\"\">Wie Ihr uns findet? Einfach auf das Logo klicken und schon wisst Ihr wo wir sind.<\/p><a  data-cp-link=\"1\" href=\"https:\/\/xn--schtzenverein-auingen-bic.de?page_id=322\" class=\"\" target=\"_self\" rel=\"noopener\"><img  decoding=\"async\" class=\"custom-image\" src=\"https:\/\/xn--schtzenverein-auingen-bic.de\/wp-content\/uploads\/2023\/01\/cropped-cropped-Element-1.png\" title=\"cropped-cropped-Element-1.png\" alt=\"\"><\/a><\/div> <\/div><div  class=\"col-xs-12 col-sm-4 col-padding col-md-4\"> <i  class=\"fa icon shadow-large-black aligncenter color1 fa-calendar reverse round large\"><\/i> <div  data-type=\"column\" class=\"\"><h5  class=\"\">Quartalsplan<\/h5> <p  class=\"\">Hier k\u00f6nnt Ihr alle Termine eines Quartals sehen.\n<br >Kurzfristige \u00c4nderungen vorbehalten.<\/p><img  decoding=\"async\" class=\"custom-image\" src=\"https:\/\/sch\u00fctzenverein-auingen.de\/wp-content\/uploads\/2026\/04\/cropped-Q2_2026.png\" title=\"cropped-Q2_2026.png\" alt=\"\"><\/div> <\/div><\/div> <\/div><\/div><div  data-label=\"About\" data-id=\"about--4\" data-export-id=\"about-4\" data-category=\"about\" class=\"about-4 content-section content-section-spacing\" id=\"about-4\" style=\"background-color: rgb(245, 250, 253);\"><div  class=\"gridContainer\"> <div  class=\"row middle-sm text-center\"><div  class=\"col-sm-5 space-bottom-xs\" data-type=\"column\"> <h5  class=\"\">Neu in unserem Programm<\/h5> <h2  class=\"\">Luftgewehr &amp; Luftpistole\n<br >f\u00fcr die\n<br >ganze Familie<\/h2> <p  class=\"\">Wir m\u00f6chten unser Programm f\u00fcr euch erweitern.\n<br >Daher haben wir uns entschieden ein regelm\u00e4ssiges\n<br >\u201eSchnupperschiessen\u201c\n<br >f\u00fcr die Familie anzubieten.\n<br ><br >Das ganze bezieht sich auf das Luftgewehr und die Luftpistole.\n<br ><br >Haben wir euer Interesse geweckt, dann kommt vorbei.\n<br >Bitte unbedingt den nebenstehenden Flyer beachten!\n<br ><br >Wem das ganze gef\u00e4llt, darf auch gerne Mitglied werden.\n<br >Einfach unten stehenden Link anklicken.<\/p> <a  class=\"button color1\" href=\"\/\/xn--schtzenverein-auingen-bic.de\/wp-content\/uploads\/2018\/10\/Antrag_auf_Mitgliedschaft.pdf\" target=\"_self\" data-cp-link=\"1\" rel=\"noopener\">Zur Mitgliedschaft<\/a><\/div> <div  class=\"col-sm-7 flexbox center-xs middle-xs image-group-2-img\"> <a  data-cp-link=\"1\" href=\"#\" class=\"img-1-anchor\" target=\"_self\" rel=\"noopener\"><img  decoding=\"async\" class=\"img-1 shadow-large\" data-size=\"250x200\" src=\"https:\/\/sch\u00fctzenverein-auingen.de\/wp-content\/uploads\/2023\/01\/cropped-cropped-Anlage01-scaled-1.jpg\"><\/a> <a  data-cp-link=\"1\" href=\"#\" class=\"img-2-anchor\" target=\"_self\" rel=\"noopener\"><img  decoding=\"async\" class=\"img-2 shadow-large\" data-size=\"220x170\" src=\"https:\/\/sch\u00fctzenverein-auingen.de\/wp-content\/uploads\/2023\/06\/cropped-Schnupperschiessen.jpg\"><\/a><\/div> <\/div><\/div> <\/div><div  id=\"features-1\" style=\"background-color: #ffffff;\" data-label=\"Features\" data-id=\"features-16-card-bordered-mc\" data-export-id=\"features-16-card-bordered-mc\" data-bullets-visibility=\"true\" data-category=\"features\" class=\"features-16-card-bordered-mc content-section content-section-spacing\"><div  class=\"gridContainer\"> <div  class=\"row text-center\"><div  class=\"section-title-col\" data-type=\"column\"> <h5  class=\"\">Was bieten wir?!<\/h5> <h2  class=\"\">Verschiedene Schie\u00dfm\u00f6glichkeiten<\/h2> <p  class=\"lead\">\nIhr wollt selber Schiessen\u2026<br >\u2026.na dann kommt doch einfach mal w\u00e4hrend unserer \u00d6ffnungszeiten bei uns vorbei.<br >Leihwaffen und Munition stehen zur Verf\u00fcgung!<br >\n<br >Schie\u00dfzeiten k\u00f6nnen von den Gastst\u00e4tten-\u00d6ffnungszeiten abweichen:\n<br ><br >\nDonnerstag 14:00 \u2013 18:00 Uhr\n<br >Freitags ab August 2023 geschlossen<br >Samstags 13:00 \u2013 17:00 Uhr<br ><br >Es k\u00f6nnen auch an diesen Tagen Veranstaltungen sein, oder Feiertag.\n<br >Dies kann bedeuten, das es an diesem Tag kein Schiessen gibt.<br >Daher bitte immer im Onlinekalender schauen.<br ><br >Anfragen immer Donnerstags, ab 18 Uhr.\n<\/p><h1  class=\"\">Wie sieht es mit den Kosten aus?<\/h1><\/div> <\/div> <div  class=\"row spaced-cols\" data-type=\"row\"> <div  class=\"col-xs-12 col-sm-6 col-md-4\"> <div  class=\"card no-padding bordered y-move\"> <img  decoding=\"async\" class=\"face\" src=\"https:\/\/sch\u00fctzenverein-auingen.de\/wp-content\/uploads\/2023\/01\/GK01-scaled.jpg\" title=\"GK01\" alt=\"\"> <div  data-type=\"column\" class=\"col-padding-small col-padding-small-xs description-container\"> <h4  class=\"font-500\">Acht 100\/50 Meter Schie\u00dfst\u00e4nde\u2026<\/h4> <p  class=\"\">Kleinkalibermunition (50 Schuss):<br >f\u00fcr Mitglieder 6,50 \u20ac<br >f\u00fcr nicht Mitglieder 8,50 \u20ac<br >Gro\u00dfkaliber (ein Schuss):<br >f\u00fcr alle Sch\u00fctzen 1,50 \u20ac<\/p><\/div> <div  data-type=\"column\" class=\"col-padding-small col-padding-small-xs read-more-container\"><\/div> <\/div><\/div> <div  class=\"col-xs-12 col-sm-6 col-md-4\"><div  class=\"card no-padding bordered y-move\"> <img  decoding=\"async\" class=\"face\" src=\"https:\/\/sch\u00fctzenverein-auingen.de\/wp-content\/uploads\/2023\/03\/GK02-scaled.jpg\" title=\"GK02\" alt=\"\"> <div  data-type=\"column\" class=\"col-padding-small col-padding-small-xs description-container\"> <h4  class=\"font-500\">\u2026 mit elektronischer Trefferanzeige<\/h4> <p  class=\"\">Tagesschie\u00dfkarte:<br >f\u00fcr Mitglieder Sch\u00fctzenverein\/ J\u00e4gervereinigung   5,00 \u20ac\n<br ><br >f\u00fcr nicht Mitglieder                                                             10,00 \u20ac\n<br ><br >Jagdschulen                                                                             10,00 \u20ac<\/p><\/div> <div  data-type=\"column\" class=\"col-padding-small col-padding-small-xs read-more-container\"><\/div> <\/div><\/div> <div  class=\"col-xs-12 col-sm-6 col-md-4\"><div  class=\"card no-padding bordered y-move\"> <img  decoding=\"async\" class=\"face\" src=\"https:\/\/sch\u00fctzenverein-auingen.de\/wp-content\/uploads\/2023\/01\/cropped-Anlage01-scaled-1.jpg\" title=\"Anlage01\" alt=\"\"> <div  data-type=\"column\" class=\"col-padding-small col-padding-small-xs description-container\"> <h4  class=\"font-500\">Luftgewehrhalle mit 8 Bahnen und elektronischer Scheibenzuganlage<\/h4> <p  class=\"\">Luftgewehrmuniton (500 Schuss): 5,00 \u20ac    <\/p><\/div> <div  data-type=\"column\" class=\"col-padding-small col-padding-small-xs read-more-container\"><\/div> <\/div><\/div> <\/div><\/div> <\/div><div  id=\"content-1\" style=\"background-color: #f5fafd;\" data-label=\"Content\" data-id=\"content-7-mc\" data-export-id=\"content-7-mc\" data-category=\"content\" class=\"content-7-mc content-section content-section-spacing\"><div  class=\"gridContainer\"> <div  class=\"row middle-sm\"><div  class=\"col-sm-6 space-bottom-xs\" data-type=\"column\"> <h2  class=\"\">Gastronomie<\/h2> <p  class=\"\">Schie\u00dfzeiten k\u00f6nnen von den Gastst\u00e4tten-\u00d6ffnungszeiten abweichen!<br >\n<br ><br >\u00d6ffnungszeiten Gastst\u00e4tte: Donnerstag 14:00 \u2013 *open end\n<br >&nbsp;&nbsp;&nbsp;&nbsp;&nbsp;&nbsp;&nbsp;&nbsp;&nbsp;&nbsp;&nbsp;&nbsp;&nbsp;&nbsp;&nbsp;&nbsp;&nbsp;&nbsp;&nbsp;&nbsp;&nbsp;&nbsp;&nbsp;&nbsp;&nbsp;&nbsp;&nbsp;&nbsp;&nbsp;&nbsp;&nbsp;&nbsp;&nbsp;&nbsp;&nbsp;&nbsp;&nbsp;&nbsp;&nbsp;&nbsp;&nbsp;&nbsp;&nbsp;&nbsp;&nbsp;&nbsp;&nbsp;&nbsp; Freitag&nbsp;&nbsp;&nbsp;&nbsp;&nbsp;&nbsp;&nbsp;&nbsp;&nbsp; geschlossen<br >&nbsp;&nbsp;&nbsp;&nbsp;&nbsp;&nbsp;&nbsp;&nbsp;&nbsp;&nbsp;&nbsp;&nbsp;&nbsp;&nbsp;&nbsp;&nbsp;&nbsp;&nbsp;&nbsp;&nbsp;&nbsp;&nbsp;&nbsp;&nbsp;&nbsp;&nbsp;&nbsp;&nbsp;&nbsp;&nbsp;&nbsp;&nbsp;&nbsp;&nbsp;&nbsp;&nbsp;&nbsp;&nbsp;&nbsp;&nbsp;&nbsp;&nbsp;&nbsp;&nbsp;&nbsp;&nbsp;&nbsp;&nbsp; Samstag&nbsp;&nbsp;&nbsp;&nbsp;&nbsp;&nbsp; 13:00 \u2013 *open end<br ><br >Das Sch\u00fctzenhaus kann f\u00fcr verschiedenste Veranstaltungen gemietet werden, auf Wunsch kann ein sportliches Nebenprogramm geboten werden.<br ><br >Anfragen immer Donnerstags, ab 18 Uhr.\n<br ><br >\n<br >* wenn der letzte Gast das Haus verl\u00e4sst, wird abgeschlossen.<\/p> <\/div> <div  class=\"col-sm-6\" data-type=\"column\"> <img  decoding=\"async\" class=\"shadow-large\" src=\"https:\/\/sch\u00fctzenverein-auingen.de\/wp-content\/uploads\/2023\/01\/DSC4152_Edited1-scaled.jpg\" title=\"_DSC4152_Edited1\" alt=\"\"><\/div> <\/div><\/div> <\/div><div  data-label=\"Cta\" data-id=\"cta--1\" data-export-id=\"cta-blue-section\" data-category=\"cta\" class=\"cta-blue-section content-section content-section-spacing-medium bg-color1 white-text\" id=\"cta-1\"><div  class=\"gridContainer\"> <div  class=\"row middle-xs\"><div  class=\"col-sm-8 space-bottom-xs\" data-type=\"column\"> <h2  class=\"\">Ganz gro\u00dfes Kino! Nein. Aber\u2026\n<br >\u2026kurz warten bis es geladen hat!\n<br >Link steht wieder zur Verf\u00fcgung.<\/h2> <\/div> <div  class=\"col-sm-4 end-sm\" data-type=\"column\"> <a  class=\"button color2\" href=\"https:\/\/c.web.de\/@309348347968226182\/U2UHTMhnQl638qAVPaXh6A\" target=\"_self\" data-cp-link=\"1\" rel=\"noopener\">Dr\u00fcck drauf<\/a><\/div> <\/div><\/div> <\/div><div  data-label=\"About\" data-id=\"about--3\" data-export-id=\"about-images-right-section\" data-category=\"about\" class=\"about-images-right-section content-section content-section-spacing\" id=\"about-3\" style=\"background-color: rgb(245, 250, 253);\"><div  class=\"gridContainer\"> <div  class=\"row middle-sm text-center\"><div  class=\"col-sm-5 content-left-sm\" data-type=\"column\"> <h5  class=\"\">Mitgliedschaft<\/h5> <h2  class=\"\">Haben wir Dein oder\n<br >euer Interesse geweckt\u2026?<\/h2> <p  class=\"\">Na dann einfach den Mitgliederbogen herunter laden,\n<br >ausf\u00fcllen und am besten gleich pers\u00f6nlich zu den\n<br >\u00d6ffnungszeiten vorbei kommen und abgeben.\n<br >Selbstverst\u00e4ndlich k\u00f6nnt ihr diesen auch an das Sch\u00fctzenhaus schicken.\n<br >Wer will kann sich auch gerne in den Verein einbringen und aktiv f\u00fcr den Verein arbeiten, nat\u00fcrlich Ehrenamtlich.<\/p> <a  class=\"button color1\" href=\"\/\/xn--schtzenverein-auingen-bic.de\/wp-content\/uploads\/2018\/10\/Antrag_auf_Mitgliedschaft.pdf\" target=\"_self\" data-cp-link=\"1\" rel=\"noopener\">Hier geht es zur Mitgliedschaft<\/a><\/div> <div  class=\"col-sm-7 space-bottom-xs\"><div  class=\"image-group-side-3-img\"> <img  decoding=\"async\" class=\"topimg shadow-large\" src=\"https:\/\/sch\u00fctzenverein-auingen.de\/wp-content\/uploads\/2023\/01\/cropped-Waffe10-scaled-1.jpg\" title=\"Waffe10\" alt=\"\"> <img  decoding=\"async\" class=\"rightimg shadow-large\" src=\"https:\/\/sch\u00fctzenverein-auingen.de\/wp-content\/uploads\/2023\/01\/cropped-verwitterte-mauer-textur_1154-734.jpg\" title=\"cropped-verwitterte-mauer-textur_1154-734.jpg\" alt=\"\"> <div  class=\"leftimg\"> <img  decoding=\"async\" class=\"shadow-large\" src=\"https:\/\/sch\u00fctzenverein-auingen.de\/wp-content\/uploads\/2023\/01\/cropped-DSC5523-scaled-1.jpg\" title=\"_DSC5523\" alt=\"\"><\/div> <\/div><\/div> <\/div><\/div> <\/div>","protected":false},"excerpt":{"rendered":"<p>\u00d6ffnungszeiten Schie\u00dfzeiten k\u00f6nnen von den Gastst\u00e4tten-\u00d6ffnungszeiten abweichen. Bitte nochmal im Schie\u00dfplan nachschauen!Anfragen immer Donnerstags, ab 18 Uhr. *open end \u2013 Gastst\u00e4tteDas hei\u00dft, wenn der letzte Gast geht, wird abgeschlossen. Jahreshauptversammlung 2026Jahreshauptversammlung 2026Im obigem Link bekommt Ihr die Infos zur Jahreshauptversammlung 2026 Anfahrt Wie Ihr uns findet? Einfach auf das Logo klicken und schon wisst Ihr&hellip; <br \/> <a class=\"read-more\" href=\"https:\/\/sch\u00fctzenverein-auingen.de\/\">Weiterlesen<\/a><\/p>\n","protected":false},"author":21,"featured_media":0,"parent":0,"menu_order":0,"comment_status":"closed","ping_status":"closed","template":"page-templates\/homepage.php","meta":{"footnotes":""},"class_list":["post-992","page","type-page","status-publish","hentry"],"yoast_head":"<!-- This site is optimized with the Yoast SEO plugin v27.3 - https:\/\/yoast.com\/product\/yoast-seo-wordpress\/ -->\n<title>Front Page -<\/title>\n<meta name=\"robots\" content=\"index, follow, max-snippet:-1, max-image-preview:large, max-video-preview:-1\" \/>\n<link rel=\"canonical\" href=\"https:\/\/sch\u00fctzenverein-auingen.de\/\" \/>\n<meta property=\"og:locale\" content=\"de_DE\" \/>\n<meta property=\"og:type\" content=\"article\" \/>\n<meta property=\"og:title\" content=\"Front Page -\" \/>\n<meta property=\"og:description\" content=\"\u00d6ffnungszeiten Schie\u00dfzeiten k\u00f6nnen von den Gastst\u00e4tten-\u00d6ffnungszeiten abweichen. Bitte nochmal im Schie\u00dfplan nachschauen!Anfragen immer Donnerstags, ab 18 Uhr. *open end \u2013 Gastst\u00e4tteDas hei\u00dft, wenn der letzte Gast geht, wird abgeschlossen. Jahreshauptversammlung 2026Jahreshauptversammlung 2026Im obigem Link bekommt Ihr die Infos zur Jahreshauptversammlung 2026 Anfahrt Wie Ihr uns findet? Einfach auf das Logo klicken und schon wisst Ihr&hellip; Weiterlesen\" \/>\n<meta property=\"og:url\" content=\"https:\/\/sch\u00fctzenverein-auingen.de\/\" \/>\n<meta property=\"article:publisher\" content=\"https:\/\/m.facebook.com\/profile.php?id=1743578449189739&amp;amp%3bamp%3bamp%3bref=content_filter\" \/>\n<meta property=\"article:modified_time\" content=\"2026-04-12T10:09:33+00:00\" \/>\n<meta property=\"og:image\" content=\"https:\/\/xn--schtzenverein-auingen-bic.de\/wp-content\/uploads\/2023\/01\/cropped-cropped-Element-1.png\" \/>\n<meta name=\"twitter:card\" content=\"summary_large_image\" \/>\n<meta name=\"twitter:label1\" content=\"Gesch\u00e4tzte Lesezeit\" \/>\n\t<meta name=\"twitter:data1\" content=\"3\u00a0Minuten\" \/>\n<script type=\"application\/ld+json\" class=\"yoast-schema-graph\">{\"@context\":\"https:\\\/\\\/schema.org\",\"@graph\":[{\"@type\":\"WebPage\",\"@id\":\"https:\\\/\\\/sch\u00fctzenverein-auingen.de\\\/\",\"url\":\"https:\\\/\\\/sch\u00fctzenverein-auingen.de\\\/\",\"name\":\"Front Page -\",\"isPartOf\":{\"@id\":\"https:\\\/\\\/sch\u00fctzenverein-auingen.de\\\/#website\"},\"primaryImageOfPage\":{\"@id\":\"https:\\\/\\\/sch\u00fctzenverein-auingen.de\\\/#primaryimage\"},\"image\":{\"@id\":\"https:\\\/\\\/sch\u00fctzenverein-auingen.de\\\/#primaryimage\"},\"thumbnailUrl\":\"https:\\\/\\\/xn--schtzenverein-auingen-bic.de\\\/wp-content\\\/uploads\\\/2023\\\/01\\\/cropped-cropped-Element-1.png\",\"datePublished\":\"2023-01-29T11:31:21+00:00\",\"dateModified\":\"2026-04-12T10:09:33+00:00\",\"breadcrumb\":{\"@id\":\"https:\\\/\\\/sch\u00fctzenverein-auingen.de\\\/#breadcrumb\"},\"inLanguage\":\"de\",\"potentialAction\":[{\"@type\":\"ReadAction\",\"target\":[\"https:\\\/\\\/sch\u00fctzenverein-auingen.de\\\/\"]}]},{\"@type\":\"ImageObject\",\"inLanguage\":\"de\",\"@id\":\"https:\\\/\\\/sch\u00fctzenverein-auingen.de\\\/#primaryimage\",\"url\":\"https:\\\/\\\/xn--schtzenverein-auingen-bic.de\\\/wp-content\\\/uploads\\\/2023\\\/01\\\/cropped-cropped-Element-1.png\",\"contentUrl\":\"https:\\\/\\\/xn--schtzenverein-auingen-bic.de\\\/wp-content\\\/uploads\\\/2023\\\/01\\\/cropped-cropped-Element-1.png\"},{\"@type\":\"BreadcrumbList\",\"@id\":\"https:\\\/\\\/sch\u00fctzenverein-auingen.de\\\/#breadcrumb\",\"itemListElement\":[{\"@type\":\"ListItem\",\"position\":1,\"name\":\"Startseite\",\"item\":\"https:\\\/\\\/sch\u00fctzenverein-auingen.de\\\/\"},{\"@type\":\"ListItem\",\"position\":2,\"name\":\"Front Page\"}]},{\"@type\":\"WebSite\",\"@id\":\"https:\\\/\\\/sch\u00fctzenverein-auingen.de\\\/#website\",\"url\":\"https:\\\/\\\/sch\u00fctzenverein-auingen.de\\\/\",\"name\":\"\",\"description\":\"\",\"publisher\":{\"@id\":\"https:\\\/\\\/sch\u00fctzenverein-auingen.de\\\/#organization\"},\"potentialAction\":[{\"@type\":\"SearchAction\",\"target\":{\"@type\":\"EntryPoint\",\"urlTemplate\":\"https:\\\/\\\/sch\u00fctzenverein-auingen.de\\\/?s={search_term_string}\"},\"query-input\":{\"@type\":\"PropertyValueSpecification\",\"valueRequired\":true,\"valueName\":\"search_term_string\"}}],\"inLanguage\":\"de\"},{\"@type\":\"Organization\",\"@id\":\"https:\\\/\\\/sch\u00fctzenverein-auingen.de\\\/#organization\",\"name\":\"Sch\u00fctzenverein Auingen 1924 e.V.\",\"url\":\"https:\\\/\\\/sch\u00fctzenverein-auingen.de\\\/\",\"logo\":{\"@type\":\"ImageObject\",\"inLanguage\":\"de\",\"@id\":\"https:\\\/\\\/sch\u00fctzenverein-auingen.de\\\/#\\\/schema\\\/logo\\\/image\\\/\",\"url\":\"https:\\\/\\\/sch\u00fctzenverein-auingen.de\\\/wp-content\\\/uploads\\\/2023\\\/01\\\/cropped-cropped-cropped-cropped-Element-1.png\",\"contentUrl\":\"https:\\\/\\\/sch\u00fctzenverein-auingen.de\\\/wp-content\\\/uploads\\\/2023\\\/01\\\/cropped-cropped-cropped-cropped-Element-1.png\",\"width\":709,\"height\":643,\"caption\":\"Sch\u00fctzenverein Auingen 1924 e.V.\"},\"image\":{\"@id\":\"https:\\\/\\\/sch\u00fctzenverein-auingen.de\\\/#\\\/schema\\\/logo\\\/image\\\/\"},\"sameAs\":[\"https:\\\/\\\/m.facebook.com\\\/profile.php?id=1743578449189739&amp;amp;amp;ref=content_filter\"]}]}<\/script>\n<!-- \/ Yoast SEO plugin. -->","yoast_head_json":{"title":"Front Page -","robots":{"index":"index","follow":"follow","max-snippet":"max-snippet:-1","max-image-preview":"max-image-preview:large","max-video-preview":"max-video-preview:-1"},"canonical":"https:\/\/sch\u00fctzenverein-auingen.de\/","og_locale":"de_DE","og_type":"article","og_title":"Front Page -","og_description":"\u00d6ffnungszeiten Schie\u00dfzeiten k\u00f6nnen von den Gastst\u00e4tten-\u00d6ffnungszeiten abweichen. Bitte nochmal im Schie\u00dfplan nachschauen!Anfragen immer Donnerstags, ab 18 Uhr. *open end \u2013 Gastst\u00e4tteDas hei\u00dft, wenn der letzte Gast geht, wird abgeschlossen. Jahreshauptversammlung 2026Jahreshauptversammlung 2026Im obigem Link bekommt Ihr die Infos zur Jahreshauptversammlung 2026 Anfahrt Wie Ihr uns findet? Einfach auf das Logo klicken und schon wisst Ihr&hellip; Weiterlesen","og_url":"https:\/\/sch\u00fctzenverein-auingen.de\/","article_publisher":"https:\/\/m.facebook.com\/profile.php?id=1743578449189739&amp%3bamp%3bamp%3bref=content_filter","article_modified_time":"2026-04-12T10:09:33+00:00","og_image":[{"url":"https:\/\/xn--schtzenverein-auingen-bic.de\/wp-content\/uploads\/2023\/01\/cropped-cropped-Element-1.png","type":"","width":"","height":""}],"twitter_card":"summary_large_image","twitter_misc":{"Gesch\u00e4tzte Lesezeit":"3\u00a0Minuten"},"schema":{"@context":"https:\/\/schema.org","@graph":[{"@type":"WebPage","@id":"https:\/\/sch\u00fctzenverein-auingen.de\/","url":"https:\/\/sch\u00fctzenverein-auingen.de\/","name":"Front Page -","isPartOf":{"@id":"https:\/\/sch\u00fctzenverein-auingen.de\/#website"},"primaryImageOfPage":{"@id":"https:\/\/sch\u00fctzenverein-auingen.de\/#primaryimage"},"image":{"@id":"https:\/\/sch\u00fctzenverein-auingen.de\/#primaryimage"},"thumbnailUrl":"https:\/\/xn--schtzenverein-auingen-bic.de\/wp-content\/uploads\/2023\/01\/cropped-cropped-Element-1.png","datePublished":"2023-01-29T11:31:21+00:00","dateModified":"2026-04-12T10:09:33+00:00","breadcrumb":{"@id":"https:\/\/sch\u00fctzenverein-auingen.de\/#breadcrumb"},"inLanguage":"de","potentialAction":[{"@type":"ReadAction","target":["https:\/\/sch\u00fctzenverein-auingen.de\/"]}]},{"@type":"ImageObject","inLanguage":"de","@id":"https:\/\/sch\u00fctzenverein-auingen.de\/#primaryimage","url":"https:\/\/xn--schtzenverein-auingen-bic.de\/wp-content\/uploads\/2023\/01\/cropped-cropped-Element-1.png","contentUrl":"https:\/\/xn--schtzenverein-auingen-bic.de\/wp-content\/uploads\/2023\/01\/cropped-cropped-Element-1.png"},{"@type":"BreadcrumbList","@id":"https:\/\/sch\u00fctzenverein-auingen.de\/#breadcrumb","itemListElement":[{"@type":"ListItem","position":1,"name":"Startseite","item":"https:\/\/sch\u00fctzenverein-auingen.de\/"},{"@type":"ListItem","position":2,"name":"Front Page"}]},{"@type":"WebSite","@id":"https:\/\/sch\u00fctzenverein-auingen.de\/#website","url":"https:\/\/sch\u00fctzenverein-auingen.de\/","name":"","description":"","publisher":{"@id":"https:\/\/sch\u00fctzenverein-auingen.de\/#organization"},"potentialAction":[{"@type":"SearchAction","target":{"@type":"EntryPoint","urlTemplate":"https:\/\/sch\u00fctzenverein-auingen.de\/?s={search_term_string}"},"query-input":{"@type":"PropertyValueSpecification","valueRequired":true,"valueName":"search_term_string"}}],"inLanguage":"de"},{"@type":"Organization","@id":"https:\/\/sch\u00fctzenverein-auingen.de\/#organization","name":"Sch\u00fctzenverein Auingen 1924 e.V.","url":"https:\/\/sch\u00fctzenverein-auingen.de\/","logo":{"@type":"ImageObject","inLanguage":"de","@id":"https:\/\/sch\u00fctzenverein-auingen.de\/#\/schema\/logo\/image\/","url":"https:\/\/sch\u00fctzenverein-auingen.de\/wp-content\/uploads\/2023\/01\/cropped-cropped-cropped-cropped-Element-1.png","contentUrl":"https:\/\/sch\u00fctzenverein-auingen.de\/wp-content\/uploads\/2023\/01\/cropped-cropped-cropped-cropped-Element-1.png","width":709,"height":643,"caption":"Sch\u00fctzenverein Auingen 1924 e.V."},"image":{"@id":"https:\/\/sch\u00fctzenverein-auingen.de\/#\/schema\/logo\/image\/"},"sameAs":["https:\/\/m.facebook.com\/profile.php?id=1743578449189739&amp;amp;amp;ref=content_filter"]}]}},"_links":{"self":[{"href":"https:\/\/sch\u00fctzenverein-auingen.de\/index.php?rest_route=\/wp\/v2\/pages\/992","targetHints":{"allow":["GET"]}}],"collection":[{"href":"https:\/\/sch\u00fctzenverein-auingen.de\/index.php?rest_route=\/wp\/v2\/pages"}],"about":[{"href":"https:\/\/sch\u00fctzenverein-auingen.de\/index.php?rest_route=\/wp\/v2\/types\/page"}],"author":[{"embeddable":true,"href":"https:\/\/sch\u00fctzenverein-auingen.de\/index.php?rest_route=\/wp\/v2\/users\/21"}],"replies":[{"embeddable":true,"href":"https:\/\/sch\u00fctzenverein-auingen.de\/index.php?rest_route=%2Fwp%2Fv2%2Fcomments&post=992"}],"version-history":[{"count":11,"href":"https:\/\/sch\u00fctzenverein-auingen.de\/index.php?rest_route=\/wp\/v2\/pages\/992\/revisions"}],"predecessor-version":[{"id":1879,"href":"https:\/\/sch\u00fctzenverein-auingen.de\/index.php?rest_route=\/wp\/v2\/pages\/992\/revisions\/1879"}],"wp:attachment":[{"href":"https:\/\/sch\u00fctzenverein-auingen.de\/index.php?rest_route=%2Fwp%2Fv2%2Fmedia&parent=992"}],"curies":[{"name":"wp","href":"https:\/\/api.w.org\/{rel}","templated":true}]}}